{"id":682,"date":"2021-07-02T15:56:20","date_gmt":"2021-07-02T13:56:20","guid":{"rendered":"https:\/\/moy-nas-02.synology.me\/wp_mairie\/?page_id=682"},"modified":"2021-07-02T17:45:50","modified_gmt":"2021-07-02T15:45:50","slug":"a-la-une","status":"publish","type":"page","link":"https:\/\/moy-nas-02.synology.me\/wp_mairie\/?page_id=682","title":{"rendered":"Actualit\u00e9s \u00e0 la une"},"content":{"rendered":"\n<div class=\"wp-block-uagb-advanced-heading uagb-block-25fb5240\"><h2 class=\"uagb-heading-text\"><strong>Actualit\u00e9s \u00e0 la une<\/strong><\/h2><div class=\"uagb-separator-wrap\"><div class=\"uagb-separator\"><\/div><\/div><p class=\"uagb-desc-text\">Les derni\u00e8res News<\/p><\/div>\n\n\n<div class=\"wp-block-kadence-posts kb-posts kb-posts-id-_8a30e6-ce content-wrap grid-cols kb-posts-style-boxed grid-sm-col-2 grid-lg-col-3 item-image-style-above\"><article class=\"entry content-bg loop-entry post-259 post type-post status-publish format-standard hentry category-actualites-a-la-une category-infos\">\n\t\t<div class=\"entry-content-wrap\">\n\t\t<header class=\"entry-header\">\n\t<h2 class=\"entry-title\"><a href=\"https:\/\/moy-nas-02.synology.me\/wp_mairie\/?p=259\" rel=\"bookmark\">3eme Article du site de Mo\u00ff de l&#8217;Aisne<\/a><\/h2>\t<div class=\"entry-meta entry-meta-divider-dot\">\n\t\t\t\t<span class=\"posted-on\">\n\t\t\t\t<time class=\"entry-date published\" datetime=\"2021-06-21T18:35:53+02:00\">21 juin 2021<\/time><time class=\"updated\" datetime=\"2021-06-30T18:45:00+02:00\">30 juin 2021<\/time>\t\t\t<\/span>\n\t\t\t\t<\/div><!-- .entry-meta -->\n\t<\/header><!-- .entry-header -->\n\t<div class=\"entry-summary\">\n\t\t<p>le 3eme <a class=\"continue-reading-link\" href=\"https:\/\/moy-nas-02.synology.me\/wp_mairie\/?p=259\">Lire la suite<\/a><\/p>\n\t<\/div><!-- .entry-summary -->\n\t<footer class=\"entry-footer\">\n\t<\/footer><!-- .entry-footer -->\t<\/div>\n<\/article>\n<article class=\"entry content-bg loop-entry post-240 post type-post status-publish format-standard hentry category-actualites-a-la-une category-infos\">\n\t\t<div class=\"entry-content-wrap\">\n\t\t<header class=\"entry-header\">\n\t<h2 class=\"entry-title\"><a href=\"https:\/\/moy-nas-02.synology.me\/wp_mairie\/?p=240\" rel=\"bookmark\">Le 1er article du site de Mo\u00ff de l\u2019Aisne<\/a><\/h2>\t<div class=\"entry-meta entry-meta-divider-dot\">\n\t\t\t\t<span class=\"posted-on\">\n\t\t\t\t<time class=\"entry-date published\" datetime=\"2021-06-18T17:06:59+02:00\">18 juin 2021<\/time><time class=\"updated\" datetime=\"2021-06-30T18:45:23+02:00\">30 juin 2021<\/time>\t\t\t<\/span>\n\t\t\t\t<\/div><!-- .entry-meta -->\n\t<\/header><!-- .entry-header -->\n\t<div class=\"entry-summary\">\n\t\t<p>the first one <a class=\"continue-reading-link\" href=\"https:\/\/moy-nas-02.synology.me\/wp_mairie\/?p=240\">Lire la suite<\/a><\/p>\n\t<\/div><!-- .entry-summary -->\n\t<footer class=\"entry-footer\">\n\t<\/footer><!-- .entry-footer -->\t<\/div>\n<\/article>\n<article class=\"entry content-bg loop-entry post-257 post type-post status-publish format-standard has-post-thumbnail hentry category-actualites-a-la-une category-infos\">\n\t\t\t<a class=\"post-thumbnail kadence-thumbnail-ratio-inherit\" href=\"https:\/\/moy-nas-02.synology.me\/wp_mairie\/?p=257\">\n\t\t\t<div class=\"post-thumbnail-inner\">\n\t\t\t\t<a href=\"https:\/\/moy-nas-02.synology.me\/wp_mairie\/?p=257\" title=\"Remise en \u00e9tats de la gare de Mo\u00ff\"><img loading=\"lazy\" decoding=\"async\" width=\"910\" height=\"577\" src=\"https:\/\/moy-nas-02.synology.me\/wp_mairie\/wp-content\/uploads\/2021\/06\/photo-03.jpg\" class=\"attachment-full size-full wp-post-image\" alt=\"Remise en \u00e9tats de la gare de Mo\u00ff\" srcset=\"https:\/\/moy-nas-02.synology.me\/wp_mairie\/wp-content\/uploads\/2021\/06\/photo-03.jpg 910w, https:\/\/moy-nas-02.synology.me\/wp_mairie\/wp-content\/uploads\/2021\/06\/photo-03-300x190.jpg 300w, https:\/\/moy-nas-02.synology.me\/wp_mairie\/wp-content\/uploads\/2021\/06\/photo-03-768x487.jpg 768w, https:\/\/moy-nas-02.synology.me\/wp_mairie\/wp-content\/uploads\/2021\/06\/photo-03-552x350.jpg 552w, https:\/\/moy-nas-02.synology.me\/wp_mairie\/wp-content\/uploads\/2021\/06\/photo-03-150x95.jpg 150w, https:\/\/moy-nas-02.synology.me\/wp_mairie\/wp-content\/uploads\/2021\/06\/photo-03-438x278.jpg 438w\" sizes=\"auto, (max-width: 910px) 100vw, 910px\" \/><\/a>\t\t\t<\/div>\n\t\t<\/a><!-- .post-thumbnail -->\n\t\t\t<div class=\"entry-content-wrap\">\n\t\t<header class=\"entry-header\">\n\t<h2 class=\"entry-title\"><a href=\"https:\/\/moy-nas-02.synology.me\/wp_mairie\/?p=257\" rel=\"bookmark\">Remise en \u00e9tats de la gare de Mo\u00ff<\/a><\/h2>\t<div class=\"entry-meta entry-meta-divider-dot\">\n\t\t\t\t<span class=\"posted-on\">\n\t\t\t\t<time class=\"entry-date published\" datetime=\"1922-05-21T18:34:00+01:00\">21 mai 1922<\/time><time class=\"updated\" datetime=\"2021-06-30T18:57:56+02:00\">30 juin 2021<\/time>\t\t\t<\/span>\n\t\t\t\t<\/div><!-- .entry-meta -->\n\t<\/header><!-- .entry-header -->\n\t<div class=\"entry-summary\">\n\t\t<p>maouahh <a class=\"continue-reading-link\" href=\"https:\/\/moy-nas-02.synology.me\/wp_mairie\/?p=257\">Lire la suite<\/a><\/p>\n\t<\/div><!-- .entry-summary -->\n\t<footer class=\"entry-footer\">\n\t<\/footer><!-- .entry-footer -->\t<\/div>\n<\/article>\n<\/div>\n\n\n<p><\/p>\n","protected":false},"excerpt":{"rendered":"<p>Actualit\u00e9s \u00e0 la une Les derni\u00e8res News <a class=\"continue-reading-link\" href=\"https:\/\/moy-nas-02.synology.me\/wp_mairie\/?page_id=682\">Lire la suite<\/a><\/p>\n","protected":false},"author":1,"featured_media":0,"parent":0,"menu_order":6,"comment_status":"closed","ping_status":"closed","template":"templates\/template-onecolumn.php","meta":{"_uag_custom_page_level_css":"","footnotes":""},"class_list":["post-682","page","type-page","status-publish","hentry"],"uagb_featured_image_src":{"full":false,"thumbnail":false,"medium":false,"medium_large":false,"large":false,"1536x1536":false,"2048x2048":false,"custom":false,"post-thumbnail":false,"header":false,"slider":false,"parabola-columns":false},"uagb_author_info":{"display_name":"David","author_link":"https:\/\/moy-nas-02.synology.me\/wp_mairie\/?author=1"},"uagb_comment_info":0,"uagb_excerpt":"Actualit\u00e9s \u00e0 la une Les derni\u00e8res News Lire la suite","_links":{"self":[{"href":"https:\/\/moy-nas-02.synology.me\/wp_mairie\/index.php?rest_route=\/wp\/v2\/pages\/682","targetHints":{"allow":["GET"]}}],"collection":[{"href":"https:\/\/moy-nas-02.synology.me\/wp_mairie\/index.php?rest_route=\/wp\/v2\/pages"}],"about":[{"href":"https:\/\/moy-nas-02.synology.me\/wp_mairie\/index.php?rest_route=\/wp\/v2\/types\/page"}],"author":[{"embeddable":true,"href":"https:\/\/moy-nas-02.synology.me\/wp_mairie\/index.php?rest_route=\/wp\/v2\/users\/1"}],"replies":[{"embeddable":true,"href":"https:\/\/moy-nas-02.synology.me\/wp_mairie\/index.php?rest_route=%2Fwp%2Fv2%2Fcomments&post=682"}],"version-history":[{"count":98,"href":"https:\/\/moy-nas-02.synology.me\/wp_mairie\/index.php?rest_route=\/wp\/v2\/pages\/682\/revisions"}],"predecessor-version":[{"id":786,"href":"https:\/\/moy-nas-02.synology.me\/wp_mairie\/index.php?rest_route=\/wp\/v2\/pages\/682\/revisions\/786"}],"wp:attachment":[{"href":"https:\/\/moy-nas-02.synology.me\/wp_mairie\/index.php?rest_route=%2Fwp%2Fv2%2Fmedia&parent=682"}],"curies":[{"name":"wp","href":"https:\/\/api.w.org\/{rel}","templated":true}]}}