{"id":65,"date":"2021-06-16T17:53:05","date_gmt":"2021-06-16T15:53:05","guid":{"rendered":"https:\/\/moy-nas-02.synology.me\/wp_mairie\/?page_id=65"},"modified":"2021-06-28T17:17:20","modified_gmt":"2021-06-28T15:17:20","slug":"coordonnees-de-la-mairie","status":"publish","type":"page","link":"https:\/\/moy-nas-02.synology.me\/wp_mairie\/?page_id=65","title":{"rendered":"Contact Mairie"},"content":{"rendered":"<h2 style=\"text-align: left;\"><strong>Coordonn\u00e9es et permanences<\/strong><\/h2>\n\n\n<div class=\"wp-block-group\"><div class=\"wp-block-group__inner-container is-layout-flow wp-block-group-is-layout-flow\">\n<hr class=\"wp-block-separator is-style-wide\"\/>\n<\/div><\/div>\n\n\n\n<div class=\"wp-block-columns is-layout-flex wp-container-core-columns-is-layout-9d6595d7 wp-block-columns-is-layout-flex\">\n<div class=\"wp-block-column is-layout-flow wp-block-column-is-layout-flow\"><\/div>\n<\/div>\n\n\n\n<div class=\"wp-block-group alignfull has-white-background-color has-background\"><div class=\"wp-block-group__inner-container is-layout-flow wp-block-group-is-layout-flow\">\n<div class=\"mapouter\">\n<div class=\"gmap_canvas\">\n<iframe width=\"100%\" height=\"350\" id=\"gmap_canvas\" \nsrc=\"https:\/\/maps.google.com\/maps?q=mairie%20moy%20de%20l'aisne&#038;t=&#038;z=17&#038;ie=UTF8&#038;iwloc=&#038;output=embed\" \nframeborder=\"0\" scrolling=\"no\" marginheight=\"0\" marginwidth=\"0\"><\/iframe>\n\n\n\n<div class=\"wp-block-columns alignwide is-layout-flex wp-container-core-columns-is-layout-9d6595d7 wp-block-columns-is-layout-flex\">\n<div class=\"wp-block-column is-layout-flow wp-block-column-is-layout-flow\">\n<h4 class=\"has-text-align-center wp-block-heading\"><strong>Adresse<\/strong><br><br><\/h4>\n\n\n\n<p class=\"has-text-align-center\">7, Rue du G\u00e9n\u00e9ral Leclerc BP 1<br>02610 Mo\u00ff de l&#8217;Aisne FRANCE<\/p>\n<\/div>\n\n\n\n<div class=\"wp-block-column is-layout-flow wp-block-column-is-layout-flow\" style=\"flex-basis:173px\">\n<h4 class=\"has-text-align-center wp-block-heading\"><strong>E-mail<\/strong><br><br><\/h4>\n\n\n\n<p class=\"has-text-align-center\">mairie.moy@wanadoo.fr<br><\/p>\n<\/div>\n\n\n\n<div class=\"wp-block-column is-layout-flow wp-block-column-is-layout-flow\">\n<h4 class=\"has-text-align-center wp-block-heading\"><strong>T\u00e9l\u00e9phone<\/strong><br><br><\/h4>\n\n\n\n<p class=\"has-text-align-center\">de France<br>03 23 07 79 95<br>de l\u2019\u00e9tranger<br>+33 3 23 07 97 65<br><\/p>\n<\/div>\n\n\n\n<div class=\"wp-block-column is-layout-flow wp-block-column-is-layout-flow\">\n<h4 class=\"has-text-align-center wp-block-heading\"><strong>Horaires d&#8217;ouverture<br>au public<\/strong><\/h4>\n\n\n\n<p class=\"has-text-align-center\">Du Lundi au Vendredi<br>de 9h00 a 12h00<br>Ferm\u00e9 le Weekend<\/p>\n<\/div>\n<\/div>\n<\/div><\/div>\n","protected":false},"excerpt":{"rendered":"<p>Coordonn\u00e9es et permanences Adresse 7, Rue du G\u00e9n\u00e9ral Leclerc BP 102610 Mo\u00ff de l&#8217;Aisne FRANCE E-mail mairie.moy@wanadoo.fr T\u00e9l\u00e9phone de France03 23 07 79 95de l\u2019\u00e9tranger+33 3 23 07 97 65 Horaires d&#8217;ouvertureau public Du Lundi au Vendredide 9h00 a 12h00Ferm\u00e9 le Weekend <a class=\"continue-reading-link\" href=\"https:\/\/moy-nas-02.synology.me\/wp_mairie\/?page_id=65\">Lire la suite<\/a><\/p>\n","protected":false},"author":1,"featured_media":0,"parent":53,"menu_order":0,"comment_status":"closed","ping_status":"closed","template":"templates\/template-onecolumn.php","meta":{"_uag_custom_page_level_css":"","footnotes":""},"class_list":["post-65","page","type-page","status-publish","hentry"],"uagb_featured_image_src":{"full":false,"thumbnail":false,"medium":false,"medium_large":false,"large":false,"1536x1536":false,"2048x2048":false,"custom":false,"post-thumbnail":false,"header":false,"slider":false,"parabola-columns":false},"uagb_author_info":{"display_name":"David","author_link":"https:\/\/moy-nas-02.synology.me\/wp_mairie\/?author=1"},"uagb_comment_info":0,"uagb_excerpt":"Coordonn\u00e9es et permanences Adresse 7, Rue du G\u00e9n\u00e9ral Leclerc BP 102610 Mo\u00ff de l&#8217;Aisne FRANCE E-mail mairie.moy@wanadoo.fr T\u00e9l\u00e9phone de France03 23 07 79 95de l\u2019\u00e9tranger+33 3 23 07 97 65 Horaires d&#8217;ouvertureau public Du Lundi au Vendredide 9h00 a 12h00Ferm\u00e9 le Weekend Lire la suite","_links":{"self":[{"href":"https:\/\/moy-nas-02.synology.me\/wp_mairie\/index.php?rest_route=\/wp\/v2\/pages\/65","targetHints":{"allow":["GET"]}}],"collection":[{"href":"https:\/\/moy-nas-02.synology.me\/wp_mairie\/index.php?rest_route=\/wp\/v2\/pages"}],"about":[{"href":"https:\/\/moy-nas-02.synology.me\/wp_mairie\/index.php?rest_route=\/wp\/v2\/types\/page"}],"author":[{"embeddable":true,"href":"https:\/\/moy-nas-02.synology.me\/wp_mairie\/index.php?rest_route=\/wp\/v2\/users\/1"}],"replies":[{"embeddable":true,"href":"https:\/\/moy-nas-02.synology.me\/wp_mairie\/index.php?rest_route=%2Fwp%2Fv2%2Fcomments&post=65"}],"version-history":[{"count":75,"href":"https:\/\/moy-nas-02.synology.me\/wp_mairie\/index.php?rest_route=\/wp\/v2\/pages\/65\/revisions"}],"predecessor-version":[{"id":518,"href":"https:\/\/moy-nas-02.synology.me\/wp_mairie\/index.php?rest_route=\/wp\/v2\/pages\/65\/revisions\/518"}],"up":[{"embeddable":true,"href":"https:\/\/moy-nas-02.synology.me\/wp_mairie\/index.php?rest_route=\/wp\/v2\/pages\/53"}],"wp:attachment":[{"href":"https:\/\/moy-nas-02.synology.me\/wp_mairie\/index.php?rest_route=%2Fwp%2Fv2%2Fmedia&parent=65"}],"curies":[{"name":"wp","href":"https:\/\/api.w.org\/{rel}","templated":true}]}}