{"id":168,"date":"2021-06-18T14:43:01","date_gmt":"2021-06-18T12:43:01","guid":{"rendered":"https:\/\/moy-nas-02.synology.me\/wp_mairie\/?page_id=168"},"modified":"2021-06-23T18:59:02","modified_gmt":"2021-06-23T16:59:02","slug":"le-conseil-municipal","status":"publish","type":"page","link":"https:\/\/moy-nas-02.synology.me\/wp_mairie\/?page_id=168","title":{"rendered":"Le Conseil Municipal"},"content":{"rendered":"\n<p><\/p>\n\n\n\n<h1 class=\"has-text-align-left wp-block-heading\">Le Conseil Municipal<\/h1>\n\n\n\n<p class=\"has-text-align-center\"><br><br>Trombinoscope des membres du conseil par ordre alphab\u00e9tique.<br><br><br><\/p>\n\n\n\n<div class=\"wp-block-group alignwide\"><div class=\"wp-block-group__inner-container is-layout-flow wp-block-group-is-layout-flow\">\n<div class=\"wp-block-columns alignwide is-layout-flex wp-container-core-columns-is-layout-9d6595d7 wp-block-columns-is-layout-flex\">\n<div class=\"wp-block-column is-layout-flow wp-block-column-is-layout-flow\">\n<div class=\"wp-block-group has-white-background-color has-background\"><div class=\"wp-block-group__inner-container is-layout-flow wp-block-group-is-layout-flow\">\n<div class=\"wp-block-image is-style-default\"><figure class=\"aligncenter size-large\"><img loading=\"lazy\" decoding=\"async\" width=\"300\" height=\"300\" src=\"https:\/\/moy-nas-02.synology.me\/wp_mairie\/wp-content\/uploads\/2021\/06\/testimonial-3.jpg\" alt=\"\" class=\"wp-image-273\" srcset=\"https:\/\/moy-nas-02.synology.me\/wp_mairie\/wp-content\/uploads\/2021\/06\/testimonial-3.jpg 300w, https:\/\/moy-nas-02.synology.me\/wp_mairie\/wp-content\/uploads\/2021\/06\/testimonial-3-150x150.jpg 150w\" sizes=\"auto, (max-width: 300px) 100vw, 300px\" \/><\/figure><\/div>\n\n\n\n<h5 class=\"has-text-align-left wp-block-heading\">S\u00e9verine <br>Berna<\/h5>\n\n\n\n<p class=\"has-text-align-left\">Conseill\u00e8re Municipal <\/p>\n<\/div><\/div>\n\n\n\n<div class=\"wp-block-group has-white-background-color has-background\"><div class=\"wp-block-group__inner-container is-layout-flow wp-block-group-is-layout-flow\">\n<div class=\"wp-block-image is-style-default\"><figure class=\"aligncenter size-large\"><img loading=\"lazy\" decoding=\"async\" width=\"300\" height=\"300\" src=\"https:\/\/moy-nas-02.synology.me\/wp_mairie\/wp-content\/uploads\/2021\/06\/testimonial-2.jpg\" alt=\"\" class=\"wp-image-272\" srcset=\"https:\/\/moy-nas-02.synology.me\/wp_mairie\/wp-content\/uploads\/2021\/06\/testimonial-2.jpg 300w, https:\/\/moy-nas-02.synology.me\/wp_mairie\/wp-content\/uploads\/2021\/06\/testimonial-2-150x150.jpg 150w\" sizes=\"auto, (max-width: 300px) 100vw, 300px\" \/><\/figure><\/div>\n\n\n\n<h5 class=\"has-text-align-left wp-block-heading\">Vincent <br>Decaens<\/h5>\n\n\n\n<p class=\"has-text-align-left\">Conseiller Municipal <\/p>\n<\/div><\/div>\n\n\n\n<div class=\"wp-block-group has-white-background-color has-background\"><div class=\"wp-block-group__inner-container is-layout-flow wp-block-group-is-layout-flow\">\n<div class=\"wp-block-image is-style-default\"><figure class=\"aligncenter size-large\"><img loading=\"lazy\" decoding=\"async\" width=\"300\" height=\"300\" src=\"https:\/\/moy-nas-02.synology.me\/wp_mairie\/wp-content\/uploads\/2021\/06\/testimonial-2.jpg\" alt=\"\" class=\"wp-image-272\" srcset=\"https:\/\/moy-nas-02.synology.me\/wp_mairie\/wp-content\/uploads\/2021\/06\/testimonial-2.jpg 300w, https:\/\/moy-nas-02.synology.me\/wp_mairie\/wp-content\/uploads\/2021\/06\/testimonial-2-150x150.jpg 150w\" sizes=\"auto, (max-width: 300px) 100vw, 300px\" \/><\/figure><\/div>\n\n\n\n<h5 class=\"has-text-align-left wp-block-heading\">Teddy <br>Jourquin<\/h5>\n\n\n\n<p class=\"has-text-align-left\">Conseiller Municipal <\/p>\n<\/div><\/div>\n\n\n\n<div class=\"wp-block-group has-white-background-color has-background\"><div class=\"wp-block-group__inner-container is-layout-flow wp-block-group-is-layout-flow\">\n<div class=\"wp-block-image is-style-default\"><figure class=\"aligncenter size-large\"><img loading=\"lazy\" decoding=\"async\" width=\"300\" height=\"300\" src=\"https:\/\/moy-nas-02.synology.me\/wp_mairie\/wp-content\/uploads\/2021\/06\/testimonial-2.jpg\" alt=\"\" class=\"wp-image-272\" srcset=\"https:\/\/moy-nas-02.synology.me\/wp_mairie\/wp-content\/uploads\/2021\/06\/testimonial-2.jpg 300w, https:\/\/moy-nas-02.synology.me\/wp_mairie\/wp-content\/uploads\/2021\/06\/testimonial-2-150x150.jpg 150w\" sizes=\"auto, (max-width: 300px) 100vw, 300px\" \/><\/figure><\/div>\n\n\n\n<h5 class=\"has-text-align-left wp-block-heading\">Michel <br>Petit<\/h5>\n\n\n\n<p class=\"has-text-align-left\">Conseiller Municipal <\/p>\n<\/div><\/div>\n<\/div>\n\n\n\n<div class=\"wp-block-column is-layout-flow wp-block-column-is-layout-flow\">\n<div class=\"wp-block-group has-white-background-color has-background\"><div class=\"wp-block-group__inner-container is-layout-flow wp-block-group-is-layout-flow\">\n<div class=\"wp-block-image is-style-default\"><figure class=\"aligncenter size-large\"><img decoding=\"async\" src=\"https:\/\/moy-nas-02.synology.me\/wp_mairie\/wp-content\/uploads\/2021\/06\/testimonial-2.jpg\" alt=\"\" class=\"wp-image-54703\"\/><\/figure><\/div>\n\n\n\n<h5 class=\"has-text-align-left wp-block-heading\">Bernard <br>Didier<\/h5>\n\n\n\n<p class=\"has-text-align-left\">Conseiller  Municipal<\/p>\n<\/div><\/div>\n\n\n\n<div class=\"wp-block-group has-white-background-color has-background\"><div class=\"wp-block-group__inner-container is-layout-flow wp-block-group-is-layout-flow\">\n<div class=\"wp-block-image is-style-default\"><figure class=\"aligncenter size-large\"><img loading=\"lazy\" decoding=\"async\" width=\"300\" height=\"300\" src=\"https:\/\/moy-nas-02.synology.me\/wp_mairie\/wp-content\/uploads\/2021\/06\/testimonial-3.jpg\" alt=\"\" class=\"wp-image-273\" srcset=\"https:\/\/moy-nas-02.synology.me\/wp_mairie\/wp-content\/uploads\/2021\/06\/testimonial-3.jpg 300w, https:\/\/moy-nas-02.synology.me\/wp_mairie\/wp-content\/uploads\/2021\/06\/testimonial-3-150x150.jpg 150w\" sizes=\"auto, (max-width: 300px) 100vw, 300px\" \/><\/figure><\/div>\n\n\n\n<h5 class=\"has-text-align-left wp-block-heading\">Aur\u00e9lie <br>Delhaye<\/h5>\n\n\n\n<p class=\"has-text-align-left\">4<sup>-\u00e8me<\/sup> Adjoint<\/p>\n<\/div><\/div>\n\n\n\n<div class=\"wp-block-group has-white-background-color has-background\"><div class=\"wp-block-group__inner-container is-layout-flow wp-block-group-is-layout-flow\">\n<div class=\"wp-block-image is-style-default\"><figure class=\"aligncenter size-large\"><img decoding=\"async\" src=\"https:\/\/moy-nas-02.synology.me\/wp_mairie\/wp-content\/uploads\/2021\/06\/testimonial-2.jpg\" alt=\"\" class=\"wp-image-54703\"\/><\/figure><\/div>\n\n\n\n<h5 class=\"has-text-align-left wp-block-heading\">Philippe <br>Laurent<\/h5>\n\n\n\n<p class=\"has-text-align-left\">Conseiller Municipal <\/p>\n<\/div><\/div>\n\n\n\n<div class=\"wp-block-group has-white-background-color has-background\"><div class=\"wp-block-group__inner-container is-layout-flow wp-block-group-is-layout-flow\">\n<div class=\"wp-block-image is-style-default\"><figure class=\"aligncenter size-large\"><img decoding=\"async\" src=\"https:\/\/moy-nas-02.synology.me\/wp_mairie\/wp-content\/uploads\/2021\/06\/testimonial-2.jpg\" alt=\"\" class=\"wp-image-54703\"\/><\/figure><\/div>\n\n\n\n<h5 class=\"has-text-align-left wp-block-heading\">Yves  <br>Thiebaut<\/h5>\n\n\n\n<p class=\"has-text-align-left\">1<sup>-er<\/sup> Adjoint<\/p>\n<\/div><\/div>\n<\/div>\n\n\n\n<div class=\"wp-block-column is-layout-flow wp-block-column-is-layout-flow\">\n<div class=\"wp-block-group has-white-background-color has-background\"><div class=\"wp-block-group__inner-container is-layout-flow wp-block-group-is-layout-flow\">\n<div class=\"wp-block-image is-style-default\"><figure class=\"aligncenter size-large\"><img loading=\"lazy\" decoding=\"async\" width=\"300\" height=\"300\" src=\"https:\/\/moy-nas-02.synology.me\/wp_mairie\/wp-content\/uploads\/2021\/06\/testimonial-2.jpg\" alt=\"\" class=\"wp-image-272\" srcset=\"https:\/\/moy-nas-02.synology.me\/wp_mairie\/wp-content\/uploads\/2021\/06\/testimonial-2.jpg 300w, https:\/\/moy-nas-02.synology.me\/wp_mairie\/wp-content\/uploads\/2021\/06\/testimonial-2-150x150.jpg 150w\" sizes=\"auto, (max-width: 300px) 100vw, 300px\" \/><\/figure><\/div>\n\n\n\n<h5 class=\"has-text-align-left wp-block-heading\">Pascal <br>Bon<\/h5>\n\n\n\n<p class=\"has-text-align-left\">Conseiller D\u00e9l\u00e9gu\u00e9<\/p>\n<\/div><\/div>\n\n\n\n<div class=\"wp-block-group has-white-background-color has-background\"><div class=\"wp-block-group__inner-container is-layout-flow wp-block-group-is-layout-flow\">\n<div class=\"wp-block-image is-style-default\"><figure class=\"aligncenter size-large\"><img decoding=\"async\" src=\"https:\/\/moy-nas-02.synology.me\/wp_mairie\/wp-content\/uploads\/2021\/06\/testimonial-3.jpg\" alt=\"\" class=\"wp-image-54704\"\/><\/figure><\/div>\n\n\n\n<h5 class=\"has-text-align-left wp-block-heading\">Dominique <br>Delzenne<\/h5>\n\n\n\n<p class=\"has-text-align-left\">3<sup>-\u00e8me<\/sup> Adjoint <\/p>\n<\/div><\/div>\n\n\n\n<div class=\"wp-block-group has-white-background-color has-background\"><div class=\"wp-block-group__inner-container is-layout-flow wp-block-group-is-layout-flow\">\n<div class=\"wp-block-image is-style-default\"><figure class=\"aligncenter size-large\"><img loading=\"lazy\" decoding=\"async\" width=\"300\" height=\"300\" src=\"https:\/\/moy-nas-02.synology.me\/wp_mairie\/wp-content\/uploads\/2021\/06\/testimonial-2.jpg\" alt=\"\" class=\"wp-image-272\" srcset=\"https:\/\/moy-nas-02.synology.me\/wp_mairie\/wp-content\/uploads\/2021\/06\/testimonial-2.jpg 300w, https:\/\/moy-nas-02.synology.me\/wp_mairie\/wp-content\/uploads\/2021\/06\/testimonial-2-150x150.jpg 150w\" sizes=\"auto, (max-width: 300px) 100vw, 300px\" \/><\/figure><\/div>\n\n\n\n<h5 class=\"has-text-align-left wp-block-heading\">Jean-Yves <br>Mahu<\/h5>\n\n\n\n<p class=\"has-text-align-left\">2<sup>-\u00e8me<\/sup> Adjoint<\/p>\n<\/div><\/div>\n\n\n\n<div class=\"wp-block-group has-white-background-color has-background\"><div class=\"wp-block-group__inner-container is-layout-flow wp-block-group-is-layout-flow\">\n<div class=\"wp-block-image is-style-default\"><figure class=\"aligncenter size-large\"><img loading=\"lazy\" decoding=\"async\" width=\"300\" height=\"300\" src=\"https:\/\/moy-nas-02.synology.me\/wp_mairie\/wp-content\/uploads\/2021\/06\/testimonial-2.jpg\" alt=\"\" class=\"wp-image-272\" srcset=\"https:\/\/moy-nas-02.synology.me\/wp_mairie\/wp-content\/uploads\/2021\/06\/testimonial-2.jpg 300w, https:\/\/moy-nas-02.synology.me\/wp_mairie\/wp-content\/uploads\/2021\/06\/testimonial-2-150x150.jpg 150w\" sizes=\"auto, (max-width: 300px) 100vw, 300px\" \/><\/figure><\/div>\n\n\n\n<h5 class=\"has-text-align-left wp-block-heading\">S\u00e9bastien <br>Varlet<\/h5>\n\n\n\n<p class=\"has-text-align-left\">Conseiller Municipal<\/p>\n<\/div><\/div>\n<\/div>\n\n\n\n<div class=\"wp-block-column is-layout-flow wp-block-column-is-layout-flow\">\n<div class=\"wp-block-group has-white-background-color has-background\"><div class=\"wp-block-group__inner-container is-layout-flow wp-block-group-is-layout-flow\">\n<div class=\"wp-block-image is-style-default\"><figure class=\"aligncenter size-large\"><img loading=\"lazy\" decoding=\"async\" width=\"300\" height=\"300\" src=\"https:\/\/moy-nas-02.synology.me\/wp_mairie\/wp-content\/uploads\/2021\/06\/testimonial-2.jpg\" alt=\"\" class=\"wp-image-272\" srcset=\"https:\/\/moy-nas-02.synology.me\/wp_mairie\/wp-content\/uploads\/2021\/06\/testimonial-2.jpg 300w, https:\/\/moy-nas-02.synology.me\/wp_mairie\/wp-content\/uploads\/2021\/06\/testimonial-2-150x150.jpg 150w\" sizes=\"auto, (max-width: 300px) 100vw, 300px\" \/><\/figure><\/div>\n\n\n\n<h5 class=\"has-text-align-left wp-block-heading\">Bruno <br>Cardot<\/h5>\n\n\n\n<p class=\"has-text-align-left\">Conseiller Municipal<\/p>\n<\/div><\/div>\n\n\n\n<div class=\"wp-block-group has-white-background-color has-background\"><div class=\"wp-block-group__inner-container is-layout-flow wp-block-group-is-layout-flow\">\n<div class=\"wp-block-image is-style-default\"><figure class=\"aligncenter size-large\"><img loading=\"lazy\" decoding=\"async\" width=\"300\" height=\"300\" src=\"https:\/\/moy-nas-02.synology.me\/wp_mairie\/wp-content\/uploads\/2021\/06\/testimonial-3.jpg\" alt=\"\" class=\"wp-image-273\" srcset=\"https:\/\/moy-nas-02.synology.me\/wp_mairie\/wp-content\/uploads\/2021\/06\/testimonial-3.jpg 300w, https:\/\/moy-nas-02.synology.me\/wp_mairie\/wp-content\/uploads\/2021\/06\/testimonial-3-150x150.jpg 150w\" sizes=\"auto, (max-width: 300px) 100vw, 300px\" \/><\/figure><\/div>\n\n\n\n<h5 class=\"has-text-align-left wp-block-heading\">Laurence <br>Drot<\/h5>\n\n\n\n<p class=\"has-text-align-left\">Conseill\u00e8re Municipal<\/p>\n<\/div><\/div>\n\n\n\n<div class=\"wp-block-group has-white-background-color has-background\"><div class=\"wp-block-group__inner-container is-layout-flow wp-block-group-is-layout-flow\">\n<div class=\"wp-block-image is-style-default\"><figure class=\"aligncenter size-large\"><img loading=\"lazy\" decoding=\"async\" width=\"300\" height=\"300\" src=\"https:\/\/moy-nas-02.synology.me\/wp_mairie\/wp-content\/uploads\/2021\/06\/Frederic-Martin300x300.jpg\" alt=\"\" class=\"wp-image-299\" srcset=\"https:\/\/moy-nas-02.synology.me\/wp_mairie\/wp-content\/uploads\/2021\/06\/Frederic-Martin300x300.jpg 300w, https:\/\/moy-nas-02.synology.me\/wp_mairie\/wp-content\/uploads\/2021\/06\/Frederic-Martin300x300-150x150.jpg 150w\" sizes=\"auto, (max-width: 300px) 100vw, 300px\" \/><\/figure><\/div>\n\n\n\n<h5 class=\"has-text-align-left wp-block-heading\">Fr\u00e9d\u00e9ric <br>Martin<\/h5>\n\n\n\n<p class=\"has-text-align-left\">Maire<\/p>\n<\/div><\/div>\n<\/div>\n<\/div>\n<\/div><\/div>\n","protected":false},"excerpt":{"rendered":"<p>Le Conseil Municipal Trombinoscope des membres du conseil par ordre alphab\u00e9tique. S\u00e9verine Berna Conseill\u00e8re Municipal Vincent Decaens Conseiller Municipal Teddy Jourquin Conseiller Municipal Michel Petit Conseiller Municipal Bernard Didier Conseiller Municipal Aur\u00e9lie Delhaye 4-\u00e8me Adjoint Philippe Laurent Conseiller Municipal Yves Thiebaut 1-er Adjoint Pascal Bon Conseiller D\u00e9l\u00e9gu\u00e9 Dominique Delzenne 3-\u00e8me&#8230; <a class=\"continue-reading-link\" href=\"https:\/\/moy-nas-02.synology.me\/wp_mairie\/?page_id=168\">Lire la suite<\/a><\/p>\n","protected":false},"author":1,"featured_media":0,"parent":160,"menu_order":0,"comment_status":"closed","ping_status":"closed","template":"","meta":{"_uag_custom_page_level_css":"","footnotes":""},"class_list":["post-168","page","type-page","status-publish","hentry"],"uagb_featured_image_src":{"full":false,"thumbnail":false,"medium":false,"medium_large":false,"large":false,"1536x1536":false,"2048x2048":false,"custom":false,"post-thumbnail":false,"header":false,"slider":false,"parabola-columns":false},"uagb_author_info":{"display_name":"David","author_link":"https:\/\/moy-nas-02.synology.me\/wp_mairie\/?author=1"},"uagb_comment_info":0,"uagb_excerpt":"Le Conseil Municipal Trombinoscope des membres du conseil par ordre alphab\u00e9tique. S\u00e9verine Berna Conseill\u00e8re Municipal Vincent Decaens Conseiller Municipal Teddy Jourquin Conseiller Municipal Michel Petit Conseiller Municipal Bernard Didier Conseiller Municipal Aur\u00e9lie Delhaye 4-\u00e8me Adjoint Philippe Laurent Conseiller Municipal Yves Thiebaut 1-er Adjoint Pascal Bon Conseiller D\u00e9l\u00e9gu\u00e9 Dominique Delzenne 3-\u00e8me... Lire la suite","_links":{"self":[{"href":"https:\/\/moy-nas-02.synology.me\/wp_mairie\/index.php?rest_route=\/wp\/v2\/pages\/168","targetHints":{"allow":["GET"]}}],"collection":[{"href":"https:\/\/moy-nas-02.synology.me\/wp_mairie\/index.php?rest_route=\/wp\/v2\/pages"}],"about":[{"href":"https:\/\/moy-nas-02.synology.me\/wp_mairie\/index.php?rest_route=\/wp\/v2\/types\/page"}],"author":[{"embeddable":true,"href":"https:\/\/moy-nas-02.synology.me\/wp_mairie\/index.php?rest_route=\/wp\/v2\/users\/1"}],"replies":[{"embeddable":true,"href":"https:\/\/moy-nas-02.synology.me\/wp_mairie\/index.php?rest_route=%2Fwp%2Fv2%2Fcomments&post=168"}],"version-history":[{"count":25,"href":"https:\/\/moy-nas-02.synology.me\/wp_mairie\/index.php?rest_route=\/wp\/v2\/pages\/168\/revisions"}],"predecessor-version":[{"id":320,"href":"https:\/\/moy-nas-02.synology.me\/wp_mairie\/index.php?rest_route=\/wp\/v2\/pages\/168\/revisions\/320"}],"up":[{"embeddable":true,"href":"https:\/\/moy-nas-02.synology.me\/wp_mairie\/index.php?rest_route=\/wp\/v2\/pages\/160"}],"wp:attachment":[{"href":"https:\/\/moy-nas-02.synology.me\/wp_mairie\/index.php?rest_route=%2Fwp%2Fv2%2Fmedia&parent=168"}],"curies":[{"name":"wp","href":"https:\/\/api.w.org\/{rel}","templated":true}]}}